{"id":8,"date":"2026-02-03T16:38:53","date_gmt":"2026-02-03T16:38:53","guid":{"rendered":"http:\/\/www.selltosomlia.com\/?page_id=8"},"modified":"2026-02-05T22:40:44","modified_gmt":"2026-02-05T22:40:44","slug":"hakkimda","status":"publish","type":"page","link":"https:\/\/www.selltosomlia.com\/?page_id=8","title":{"rendered":"Hakk\u0131mda"},"content":{"rendered":"\n<p class=\"has-black-color has-text-color has-link-color wp-elements-7813978ad52a9427b801c65da312b488\">Ahmed Hussein Y\u00fcksek motivasyonlu ve sonu\u00e7 odakl\u0131 bir e\u011fitim uzman\u0131d\u0131r, \u015fu anda Sakarya Uygulamal\u0131 Bilimler \u00dcniversitesi&#8217;nde Uluslararas\u0131 Ticaret ve Finansman lisans\u0131n\u0131n 4. y\u0131l\u0131nda ilerlemektedir. K\u00fcresel ticarette y\u00fcksek de\u011ferli bir profesyonel olma hedefiyle hareket eden Ahmed, d\u0131\u015f ticaret ilkelerinin pratik uygulamas\u0131na, ihracat stratejisine ve k\u00fcresel pazara giri\u015fe derinlemesine odaklanm\u0131\u015ft\u0131r. Titiz bir akademik temeli proaktif end\u00fcstri kat\u0131l\u0131m\u0131 ile birle\u015ftirerek uluslararas\u0131 i\u015f operasyonlar\u0131na ve k\u00fcresel ticaret s\u00fcre\u00e7lerine an\u0131nda de\u011fer katmaya haz\u0131rlan\u0131yor.<br>Temel Yetkinlikler ve Uzmanl\u0131k<br>Yetkinliklerim hem finansal anlay\u0131\u015fa hem de pazar stratejisine dayan\u0131r ve modern ticaret i\u00e7in gerekli olan sertifikal\u0131 sosyal beceriler ve teknik ara\u00e7larla desteklenir:<br>Stratejik ve Finansal Zeka<\/p>\n\n\n\n<ul class=\"wp-block-list has-black-color has-text-color has-link-color wp-elements-739c9a4f8215c7df83b2ad976bd521fc\">\n<li>D\u0131\u015f Pazar Ara\u015ft\u0131rmas\u0131: D\u0131\u015f pazar ara\u015ft\u0131rmas\u0131 yapmak, ihracat ve k\u00fcresel geni\u015fleme f\u0131rsatlar\u0131n\u0131 belirlemek i\u00e7in kan\u0131tlanm\u0131\u015f ilgi ve temel yetenek.<\/li>\n\n\n\n<li>Temel Defter Tutma: \u015eeffaf ticari i\u015flemler i\u00e7in gerekli olan \u00f6n muhasebe ve finansal kay\u0131tlar\u0131n temel olarak anla\u015f\u0131lmas\u0131.<\/li>\n\n\n\n<li>Proje Y\u00f6netimi: Microsoft Project ile Proje Y\u00f6netiminde sertifikal\u0131 yeterlilik, karma\u015f\u0131k g\u00f6revleri verimli bir \u015fekilde organize etme ve y\u00fcr\u00fctme becerisi.<\/li>\n\n\n\n<li>\u0130li\u015fkisel Pazarlama: Uzun vadeli m\u00fc\u015fteri kat\u0131l\u0131m\u0131 ve ortakl\u0131k geli\u015ftirme odakl\u0131 stratejiler hakk\u0131nda bilgi.<br>Teknik ve Dilsel \u00dcst\u00fcnl\u00fck<\/li>\n\n\n\n<li>Teknik Yeterlilik:Veri analizi, raporlama ve sunum i\u00e7in Microsoft Office Suite&#8217;in (Excel, Word, PowerPoint) uzman kullan\u0131c\u0131s\u0131.<\/li>\n\n\n\n<li>\u00c7ok Dilli \u0130leti\u015fim:Somalice (Anadili), \u0130ngilizce ve T\u00fcrk\u00e7e&#8217;yi neredeyse anadil seviyesinde ak\u0131c\u0131 bir \u015fekilde konu\u015farak, \u00e7e\u015fitli k\u00fcresel pazarlar ve tedarik zincirleri aras\u0131nda etkili ileti\u015fim sa\u011flayan uluslararas\u0131 ortamlarda \u00f6nemli bir varl\u0131k.<\/li>\n\n\n\n<li>Yarat\u0131c\u0131 Ara\u00e7lar: Web Tasar\u0131m\u0131 ve Photoshop&#8217;taki temel beceriler, pazarlama deste\u011fi ve i\u00e7erik olu\u015fturma i\u00e7in ek bir boyut sa\u011flar<br>E\u011fitim Vakf\u0131 ve Sekt\u00f6r Kat\u0131l\u0131m\u0131<br>Uluslararas\u0131 Ticarete olan ba\u011fl\u0131l\u0131\u011f\u0131m s\u0131n\u0131f\u0131n \u00f6tesine uzan\u0131yor. Teori ve pratik aras\u0131ndaki bo\u015flu\u011fu doldurmak i\u00e7in aktif olarak ger\u00e7ek d\u00fcnyaya maruz kalma aray\u0131\u015f\u0131nday\u0131m:<br>Sekt\u00f6r Kat\u0131l\u0131m\u0131: T\u00dcYAP G\u0131da Fuar\u0131 (2023 &amp; 2024), 11. WCI Forumu ve Marmara Kariyer Fuar\u0131&#8217;na (2025) kat\u0131larak proaktif ilgi g\u00f6stermi\u015ftir. Bu kat\u0131l\u0131m, end\u00fcstri trendleriyle g\u00fcncel kalmaya ve k\u00fcresel ticaret toplulu\u011fu i\u00e7inde a\u011f olu\u015fturmaya olan ba\u011fl\u0131l\u0131\u011f\u0131 vurgulamaktad\u0131r.<\/li>\n<\/ul>\n\n\n\n<p> <strong>Akademik \u00c7al\u0131\u015fmalar (2022-Halen)<\/strong><\/p>\n\n\n\n<ul class=\"wp-block-list has-black-color has-text-color has-link-color wp-elements-edefad26a9d73394e7b41a73cf7604ff\">\n<li>Sakarya Uygulamal\u0131 Bilimler \u00dcniversitesi &#8211; Uluslararas\u0131 Ticaret ve Finansman Lisans Program\u0131 (4. S\u0131n\u0131f).<\/li>\n\n\n\n<li>Mesleki Geli\u015fim ve Faaliyetler:<\/li>\n\n\n\n<li>D\u0131\u015f Ticaret Staj\u0131: Sakarya \u00d6zel Giyim&#8217;de g\u00f6n\u00fcll\u00fc staj yaparak de\u011ferli bir d\u0131\u015f ticaret deneyimi kazand\u0131 (Temmuz 2024).<\/li>\n\n\n\n<li>Sat\u0131\u015f Asistanl\u0131\u011f\u0131 (2018-2021): Mubaarak \u015eirketinde Sat\u0131\u015f Asistan\u0131 olarak ticari operasyonlar, m\u00fc\u015fteri ili\u015fkileri ve i\u015f s\u00fcre\u00e7leri konusunda g\u00fc\u00e7l\u00fc bir temel geli\u015ftirdi.<\/li>\n<\/ul>\n\n\n\n<p><\/p>\n","protected":false},"excerpt":{"rendered":"<p>Ahmed Hussein Y\u00fcksek motivasyonlu ve sonu\u00e7 odakl\u0131 bir e\u011fitim uzman\u0131d\u0131r, \u015fu anda Sakarya Uygulamal\u0131 Bilimler \u00dcniversitesi&#8217;nde Uluslararas\u0131 Ticaret ve Finansman lisans\u0131n\u0131n 4. y\u0131l\u0131nda ilerlemektedir. K\u00fcresel ticarette y\u00fcksek de\u011ferli bir profesyonel&hellip;<a href=\"https:\/\/www.selltosomlia.com\/?page_id=8\" class=\"more-link\"><span class=\"more-button\">Continue reading<span class=\"screen-reader-text\">Hakk\u0131mda<\/span><\/span><\/a><\/p>\n","protected":false},"author":1,"featured_media":85,"parent":0,"menu_order":0,"comment_status":"closed","ping_status":"closed","template":"templates\/full-width-page.php","meta":{"footnotes":""},"class_list":["post-8","page","type-page","status-publish","has-post-thumbnail","hentry"],"_links":{"self":[{"href":"https:\/\/www.selltosomlia.com\/index.php?rest_route=\/wp\/v2\/pages\/8","targetHints":{"allow":["GET"]}}],"collection":[{"href":"https:\/\/www.selltosomlia.com\/index.php?rest_route=\/wp\/v2\/pages"}],"about":[{"href":"https:\/\/www.selltosomlia.com\/index.php?rest_route=\/wp\/v2\/types\/page"}],"author":[{"embeddable":true,"href":"https:\/\/www.selltosomlia.com\/index.php?rest_route=\/wp\/v2\/users\/1"}],"replies":[{"embeddable":true,"href":"https:\/\/www.selltosomlia.com\/index.php?rest_route=%2Fwp%2Fv2%2Fcomments&post=8"}],"version-history":[{"count":4,"href":"https:\/\/www.selltosomlia.com\/index.php?rest_route=\/wp\/v2\/pages\/8\/revisions"}],"predecessor-version":[{"id":116,"href":"https:\/\/www.selltosomlia.com\/index.php?rest_route=\/wp\/v2\/pages\/8\/revisions\/116"}],"wp:featuredmedia":[{"embeddable":true,"href":"https:\/\/www.selltosomlia.com\/index.php?rest_route=\/wp\/v2\/media\/85"}],"wp:attachment":[{"href":"https:\/\/www.selltosomlia.com\/index.php?rest_route=%2Fwp%2Fv2%2Fmedia&parent=8"}],"curies":[{"name":"wp","href":"https:\/\/api.w.org\/{rel}","templated":true}]}}