{"id":24,"date":"2026-02-03T16:41:52","date_gmt":"2026-02-03T16:41:52","guid":{"rendered":"http:\/\/www.selltosomlia.com\/?page_id=24"},"modified":"2026-02-15T19:37:01","modified_gmt":"2026-02-15T19:37:01","slug":"iletisim","status":"publish","type":"page","link":"https:\/\/www.selltosomlia.com\/?page_id=24","title":{"rendered":"\u0130leti\u015fim"},"content":{"rendered":"\t\t<div data-elementor-type=\"wp-page\" data-elementor-id=\"24\" class=\"elementor elementor-24\">\n\t\t\t\t<div data-ka-cursor-size=\"1\" class=\"elementor-element elementor-element-6301af1 e-flex e-con-boxed e-con e-parent\" data-id=\"6301af1\" data-element_type=\"container\" data-e-type=\"container\" data-settings=\"{&quot;kng_cursor_interaction&quot;:&quot;default&quot;,&quot;kng_cursor_magnetic&quot;:&quot;none&quot;,&quot;kng_cursor_size_multiplier&quot;:{&quot;unit&quot;:&quot;px&quot;,&quot;size&quot;:1,&quot;sizes&quot;:[]}}\">\n\t\t\t\t\t<div class=\"e-con-inner\">\n\t\t<div data-ka-cursor-size=\"1\" class=\"elementor-element elementor-element-7901334 e-con-full e-flex e-con e-child\" data-id=\"7901334\" data-element_type=\"container\" data-e-type=\"container\" data-settings=\"{&quot;kng_cursor_interaction&quot;:&quot;default&quot;,&quot;kng_cursor_magnetic&quot;:&quot;none&quot;,&quot;kng_cursor_size_multiplier&quot;:{&quot;unit&quot;:&quot;px&quot;,&quot;size&quot;:1,&quot;sizes&quot;:[]}}\">\n\t\t\t\t<div data-ka-cursor-size=\"1\" class=\"elementor-element elementor-element-34cc481 elementor-widget elementor-widget-html\" data-id=\"34cc481\" data-element_type=\"widget\" data-e-type=\"widget\" data-settings=\"{&quot;kng_cursor_interaction&quot;:&quot;default&quot;,&quot;kng_cursor_magnetic&quot;:&quot;none&quot;,&quot;kng_cursor_size_multiplier&quot;:{&quot;unit&quot;:&quot;px&quot;,&quot;size&quot;:1,&quot;sizes&quot;:[]}}\" data-widget_type=\"html.default\">\n\t\t\t\t\t<!DOCTYPE html>\r\n<html lang=\"tr\">\r\n<head>\r\n    <meta charset=\"UTF-8\">\r\n    <meta name=\"viewport\" content=\"width=device-width, initial-scale=1.0\">\r\n    <link rel=\"stylesheet\" href=\"https:\/\/cdnjs.cloudflare.com\/ajax\/libs\/font-awesome\/6.4.0\/css\/all.min.css\">\r\n    \r\n    <style>\r\n        \/* --- Widget \u00c7er\u00e7evesi --- *\/\r\n        .widget-container {\r\n            width: 100%; \r\n            box-sizing: border-box; \r\n            background-color: #000000;\r\n            border: 1px solid #333;\r\n            border-radius: 12px;\r\n            padding: 35px 25px; \/* Form y\u00fcksekli\u011fiyle e\u015fitlemek i\u00e7in padding art\u0131r\u0131ld\u0131 *\/\r\n            box-shadow: 0 10px 30px rgba(0,0,0,0.5);\r\n            color: #fff;\r\n            min-height: 100%; \/* Formun boyuna uyum sa\u011flamas\u0131 i\u00e7in *\/\r\n        }\r\n\r\n        .widget-title {\r\n            text-align: center;\r\n            margin-top: 0;\r\n            margin-bottom: 30px;\r\n            font-size: 20px;\r\n            font-weight: 600;\r\n            color: #ddd;\r\n            text-transform: uppercase;\r\n            letter-spacing: 1px;\r\n        }\r\n\r\n        .contact-list {\r\n            display: flex;\r\n            flex-direction: column;\r\n            gap: 22px; \r\n        }\r\n\r\n        \/* --- Link Sat\u0131r\u0131 --- *\/\r\n        .contact-item {\r\n            display: flex;\r\n            align-items: center;\r\n            text-decoration: none;\r\n            color: #fff;\r\n            background-color: transparent;\r\n            transition: all 0.3s ease;\r\n            border-radius: 8px;\r\n            padding: 5px;\r\n        }\r\n\r\n        .contact-item:hover {\r\n            transform: translateX(8px);\r\n        }\r\n\r\n        \/* --- \u0130kon Kutusu --- *\/\r\n        .icon-box {\r\n            width: 52px;\r\n            height: 52px;\r\n            background-color: #1e1e1e;\r\n            border: 1px solid #333;\r\n            border-radius: 10px;\r\n            display: flex;\r\n            align-items: center;\r\n            justify-content: center;\r\n            margin-right: 18px;\r\n            font-size: 22px;\r\n            transition: all 0.3s ease;\r\n            flex-shrink: 0;\r\n        }\r\n\r\n        \/* Yaz\u0131 Alan\u0131 *\/\r\n        .text-box {\r\n            display: flex;\r\n            flex-direction: column;\r\n        }\r\n        .main-text {\r\n            font-size: 16px;\r\n            font-weight: 600;\r\n            color: #eee;\r\n        }\r\n        .sub-text {\r\n            font-size: 13px;\r\n            color: #888;\r\n            margin-top: 2px;\r\n        }\r\n\r\n        \/* --- RENK AYARLARI --- *\/\r\n        .phone .icon-box i { color: #4CAF50; } \r\n        .phone:hover .icon-box { background-color: #4CAF50; border-color: #4CAF50; }\r\n        .phone:hover .icon-box i { color: #fff; }\r\n\r\n        .whatsapp .icon-box i { color: #25D366; }\r\n        .whatsapp:hover .icon-box { background-color: #25D366; border-color: #25D366; }\r\n        .whatsapp:hover .icon-box i { color: #fff; }\r\n\r\n        .linkedin .icon-box i { color: #0077b5; }\r\n        .linkedin:hover .icon-box { background-color: #0077b5; border-color: #0077b5; }\r\n        .linkedin:hover .icon-box i { color: #fff; }\r\n\r\n        \/* Instagram G\u00fcncel *\/\r\n        .instagram .icon-box i { color: #E1306C; }\r\n        .instagram:hover .icon-box { \r\n            background: linear-gradient(45deg, #f09433 0%, #e6683c 25%, #dc2743 50%, #cc2366 75%, #bc1888 100%);\r\n            border-color: transparent; \r\n        }\r\n        .instagram:hover .icon-box i { color: #fff; }\r\n\r\n        .location .icon-box i { color: #ea4335; } \r\n        .location:hover .icon-box { background-color: #ea4335; border-color: #ea4335; }\r\n        .location:hover .icon-box i { color: #fff; }\r\n\r\n    <\/style>\r\n<\/head>\r\n<body>\r\n\r\n<div class=\"widget-container\">\r\n    <h3 class=\"widget-title\">Bana Ula\u015f\u0131n<\/h3>\r\n    \r\n    <div class=\"contact-list\">\r\n        \r\n        <a href=\"tel:+905060698626\" class=\"contact-item phone\">\r\n            <div class=\"icon-box\">\r\n                <i class=\"fas fa-phone-alt\"><\/i>\r\n            <\/div>\r\n            <div class=\"text-box\">\r\n                <span class=\"main-text\">Telefon<\/span>\r\n                <span class=\"sub-text\">+90 506 069 86 26<\/span>\r\n            <\/div>\r\n        <\/a>\r\n\r\n        <a href=\"https:\/\/wa.me\/905060698626\" target=\"_blank\" class=\"contact-item whatsapp\">\r\n            <div class=\"icon-box\">\r\n                <i class=\"fab fa-whatsapp\"><\/i>\r\n            <\/div>\r\n            <div class=\"text-box\">\r\n                <span class=\"main-text\">WhatsApp<\/span>\r\n                <span class=\"sub-text\">H\u0131zl\u0131 Mesaj<\/span>\r\n            <\/div>\r\n        <\/a>\r\n\r\n        <a href=\"https:\/\/www.linkedin.com\/in\/ahmed-mohamed-hussein-05a004202\/\" target=\"_blank\" class=\"contact-item linkedin\">\r\n            <div class=\"icon-box\">\r\n                <i class=\"fab fa-linkedin-in\"><\/i>\r\n            <\/div>\r\n            <div class=\"text-box\">\r\n                <span class=\"main-text\">LinkedIn<\/span>\r\n                <span class=\"sub-text\">Profilimi \u0130ncele<\/span>\r\n            <\/div>\r\n        <\/a>\r\n\r\n        <a href=\"https:\/\/www.instagram.com\/ahmthussein100\/\" target=\"_blank\" class=\"contact-item instagram\">\r\n            <div class=\"icon-box\">\r\n                <i class=\"fab fa-instagram\"><\/i>\r\n            <\/div>\r\n            <div class=\"text-box\">\r\n                <span class=\"main-text\">Instagram<\/span>\r\n                <span class=\"sub-text\">@ahmthussein100<\/span>\r\n            <\/div>\r\n        <\/a>\r\n\r\n        <a href=\"https:\/\/maps.google.com\/?q=Adapazar\u0131,Sakarya,T\u00fcrkiye\" target=\"_blank\" class=\"contact-item location\">\r\n            <div class=\"icon-box\">\r\n                <i class=\"fas fa-map-marker-alt\"><\/i>\r\n            <\/div>\r\n            <div class=\"text-box\">\r\n                <span class=\"main-text\">Konum<\/span>\r\n                <span class=\"sub-text\">Adapazar\u0131, Sakarya, T\u00fcrkiye<\/span>\r\n            <\/div>\r\n        <\/a>\r\n\r\n    <\/div>\r\n<\/div>\r\n\r\n<\/body>\r\n<\/html>\t\t\t\t<\/div>\n\t\t\t\t<\/div>\n\t\t<div data-ka-cursor-size=\"1\" class=\"elementor-element elementor-element-edb207b e-con-full e-flex e-con e-child\" data-id=\"edb207b\" data-element_type=\"container\" data-e-type=\"container\" data-settings=\"{&quot;kng_cursor_interaction&quot;:&quot;default&quot;,&quot;kng_cursor_magnetic&quot;:&quot;none&quot;,&quot;kng_cursor_size_multiplier&quot;:{&quot;unit&quot;:&quot;px&quot;,&quot;size&quot;:1,&quot;sizes&quot;:[]}}\">\n\t\t\t\t<div data-ka-cursor-size=\"1\" class=\"elementor-element elementor-element-4d007d9 king-addons-fb-step-type-number_text king-addons-fb-step-content-layout-vertical king-addons-custom-styles-yes elementor-widget elementor-widget-king-addons-form-builder\" data-id=\"4d007d9\" data-element_type=\"widget\" data-e-type=\"widget\" data-settings=\"{&quot;success_message&quot;:&quot;Mesaj G\\u00f6nderilidi&quot;,&quot;error_message&quot;:&quot;Mesaj G\\u00f6nderilmedi&quot;,&quot;button_width&quot;:{&quot;unit&quot;:&quot;%&quot;,&quot;size&quot;:100,&quot;sizes&quot;:[]},&quot;button_width_tablet&quot;:{&quot;unit&quot;:&quot;px&quot;,&quot;size&quot;:&quot;&quot;,&quot;sizes&quot;:[]},&quot;button_width_mobile&quot;:{&quot;unit&quot;:&quot;px&quot;,&quot;size&quot;:&quot;&quot;,&quot;sizes&quot;:[]},&quot;step_type&quot;:&quot;number_text&quot;,&quot;step_content_layout&quot;:&quot;vertical&quot;,&quot;kng_cursor_interaction&quot;:&quot;default&quot;,&quot;kng_cursor_magnetic&quot;:&quot;none&quot;,&quot;kng_cursor_size_multiplier&quot;:{&quot;unit&quot;:&quot;px&quot;,&quot;size&quot;:1,&quot;sizes&quot;:[]}}\" data-widget_type=\"king-addons-form-builder.default\">\n\t\t\t\t<div class=\"elementor-widget-container\">\n\t\t\t\t\t        <form class=\"king-addons-form\" method=\"post\" name=\"New Form\" page=\"\u0130leti\u015fim\" page_id=\"24\"              novalidate>\n            <input type=\"hidden\" name=\"post_id\" value=\"24\"\/>\n            <input type=\"hidden\" name=\"form_id\" value=\"4d007d9\"\/>\n            <input type=\"hidden\" name=\"referer_title\" value=\"\"\/>\n\n            <div class=\"king-addons-fb-step-wrap\"><\/div>\n            <div class=\"king-addons-form-fields-wrap king-addons-labels-above\">\n                                    <div class=\"king-addons-form-field-type-text king-addons-field-group king-addons-column king-addons-field-group-name elementor-repeater-item-6cafe21 king-addons-form-field-required king-addons-required-mark\">\n                                                    <label for=\"form-field-name\" class=\"king-addons-form-field-label\">\n                                Ad Soyad\/F\u0131rma Ad\u0131                            <\/label>\n                            <input size=\"1 \"type=\"text\" name=\"form_fields[name]\" id=\"form-field-name\" class=\"king-addons-form-field  king-addons-form-field-textual\" required=\"required\" aria-required=\"true\">                    <\/div>\n                                    <div class=\"king-addons-form-field-type-email king-addons-field-group king-addons-column king-addons-field-group-email elementor-repeater-item-b6960d4 king-addons-form-field-required king-addons-required-mark\">\n                                                    <label for=\"form-field-email\" class=\"king-addons-form-field-label\">\n                                E-Posta                            <\/label>\n                            <input size=\"1 \"type=\"email\" name=\"form_fields[email]\" id=\"form-field-email\" class=\"king-addons-form-field  king-addons-form-field-textual\" required=\"required\" aria-required=\"true\">                    <\/div>\n                                    <div class=\"king-addons-form-field-type-textarea king-addons-field-group king-addons-column king-addons-field-group-message elementor-repeater-item-b7ade72\">\n                                                    <label for=\"form-field-message\" class=\"king-addons-form-field-label\">\n                                Mesaj                            <\/label>\n                            <textarea class=\"king-addons-form-field-textual king-addons-form-field \" name=\"form_fields[message]\" id=\"form-field-message\" rows=\"7\"><\/textarea>                    <\/div>\n                <div class=\"king-addons-field-group king-addons-step-buttons-wrap king-addons-column king-addons-form-field-type-submit\" data-actions=\"[&quot;email&quot;]\" data-redirect-url=\"\" data-mailchimp-fields=\"{&quot;email_field&quot;:&quot;&quot;,&quot;first_name_field&quot;:&quot;&quot;,&quot;last_name_field&quot;:&quot;&quot;,&quot;address_field&quot;:&quot;&quot;,&quot;phone_field&quot;:&quot;&quot;,&quot;birthday_field&quot;:&quot;&quot;,&quot;group_id&quot;:&quot;&quot;}\" data-list-id=\"\">        <button type=\"submit\" class=\"king-addons-button\">\n\t\t\t\t<span >\n\t\t\t\t\t                                            <span>G\u00f6nder<\/span>\n                                        \t\t\t\t<\/span>\n            <div class=\"king-addons-double-bounce king-addons-loader-hidden\">\n                <div class=\"king-addons-child king-addons-double-bounce1\"><\/div>\n                <div class=\"king-addons-child king-addons-double-bounce2\"><\/div>\n            <\/div>\n        <\/button>\n        <\/div>\n            <\/div>\n        <\/form>\n        \t\t\t\t<\/div>\n\t\t\t\t<\/div>\n\t\t\t\t<\/div>\n\t\t\t\t\t<\/div>\n\t\t\t\t<\/div>\n\t\t\t\t<\/div>\n\t\t","protected":false},"excerpt":{"rendered":"<p>Bana Ula\u015f\u0131n Telefon +90 506 069 86 26 WhatsApp H\u0131zl\u0131 Mesaj LinkedIn Profilimi \u0130ncele Instagram @ahmthussein100 Konum Adapazar\u0131, Sakarya, T\u00fcrkiye Ad Soyad\/F\u0131rma Ad\u0131 E-Posta Mesaj G\u00f6nder<\/p>\n","protected":false},"author":1,"featured_media":0,"parent":0,"menu_order":0,"comment_status":"closed","ping_status":"closed","template":"templates\/full-width-page.php","meta":{"footnotes":""},"class_list":["post-24","page","type-page","status-publish","hentry"],"_links":{"self":[{"href":"https:\/\/www.selltosomlia.com\/index.php?rest_route=\/wp\/v2\/pages\/24","targetHints":{"allow":["GET"]}}],"collection":[{"href":"https:\/\/www.selltosomlia.com\/index.php?rest_route=\/wp\/v2\/pages"}],"about":[{"href":"https:\/\/www.selltosomlia.com\/index.php?rest_route=\/wp\/v2\/types\/page"}],"author":[{"embeddable":true,"href":"https:\/\/www.selltosomlia.com\/index.php?rest_route=\/wp\/v2\/users\/1"}],"replies":[{"embeddable":true,"href":"https:\/\/www.selltosomlia.com\/index.php?rest_route=%2Fwp%2Fv2%2Fcomments&post=24"}],"version-history":[{"count":7,"href":"https:\/\/www.selltosomlia.com\/index.php?rest_route=\/wp\/v2\/pages\/24\/revisions"}],"predecessor-version":[{"id":234,"href":"https:\/\/www.selltosomlia.com\/index.php?rest_route=\/wp\/v2\/pages\/24\/revisions\/234"}],"wp:attachment":[{"href":"https:\/\/www.selltosomlia.com\/index.php?rest_route=%2Fwp%2Fv2%2Fmedia&parent=24"}],"curies":[{"name":"wp","href":"https:\/\/api.w.org\/{rel}","templated":true}]}}